{"id":4908,"date":"2021-02-22T17:07:02","date_gmt":"2021-02-22T10:07:02","guid":{"rendered":"https:\/\/www.capellacruise.com\/vn\/?page_id=4908"},"modified":"2021-07-29T16:06:39","modified_gmt":"2021-07-29T09:06:39","slug":"capella-specials","status":"publish","type":"page","link":"https:\/\/www.capellacruise.com\/vn\/capella-specials\/","title":{"rendered":"Ch\u1ec9 c\u00f3 \u1edf Du thuy\u1ec1n Capella"},"content":{"rendered":"<p>[vc_row][vc_column][vc_column_text]<\/p>\n<p style=\"text-align: center;\"><span style=\"font-size: 12pt;\">Du thuy\u1ec1n Capella l\u00e0 s\u1ef1 k\u1ebft h\u1ee3p c\u1ee7a ngh\u1ec7 thu\u1eadt thi\u1ebft k\u1ebf du thuy\u1ec1n hi\u1ec7n \u0111\u1ea1i v\u00e0 phong c\u00e1ch ki\u1ebfn tr\u00fac \u0110\u00f4ng D\u01b0\u01a1ng. M\u1ed9t kh\u00f4ng gian ngh\u1ec9 d\u01b0\u1ee1ng sang tr\u1ecdng \u0111\u1eb3ng c\u1ea5p v\u1edbi \u0111\u1ea7y \u0111\u1ee7 c\u00f4ng n\u0103ng, t\u1ed1i \u01b0u tr\u1ea3i nghi\u1ec7m kh\u00e1ch h\u00e0ng. Du thuy\u1ec1n Capella t\u1ef1 h\u00e0o s\u1edf h\u1eefu nh\u1eefng \u0111i\u1ec1u \u0111\u1eb7c bi\u1ec7t m\u00e0 kh\u00f4ng c\u00f3 tr\u00ean du thuy\u1ec1n n\u00e0o kh\u00e1c!<\/span><\/p>\n<p>[\/vc_column_text][\/vc_column][vc_column width=&#8221;1\/2&#8243;][vc_custom_heading text=&#8221;B\u1ec2 B\u01a0I TR\u00caN DU THUY\u1ec0N &amp; TR\u00caN BI\u1ec2N&#8221; use_theme_fonts=&#8221;yes&#8221;][vc_empty_space][vc_gallery interval=&#8221;3&#8243; images=&#8221;5056,5055&#8243; img_size=&#8221;large&#8221;][vc_column_text]<\/p>\n<p style=\"text-align: justify;\"><span style=\"font-size: 12pt;\">Du thuy\u1ec1n Capella \u0111\u01b0\u1ee3c thi\u1ebft k\u1ebf v\u1edbi b\u1ec3 b\u01a1i b\u1ed1n m\u00f9a di\u1ec7n t\u00edch 35m2 c\u00f9ng b\u1ec3 s\u1ee5c Jacuzzi \u0111\u1ed9c \u0111\u00e1o. H\u01a1n th\u1ebf n\u1eefa, b\u1ea1n c\u00f2n c\u00f3 th\u1ec3 tr\u1ea3i nghi\u1ec7m m\u1ed9t b\u1ec3 b\u01a1i n\u1ed5i tr\u00ean bi\u1ec3n \u0111\u01b0\u1ee3c thi\u1ebft k\u1ebf \u0111\u1eb7c bi\u1ec7t, c\u1ef1c k\u00ec vui nh\u1ed9n v\u00e0 \u0111\u1ed9c \u0111\u00e1o.<\/span><\/p>\n<p>[\/vc_column_text][vc_separator el_width=&#8221;50&#8243;][\/vc_column][vc_column width=&#8221;1\/2&#8243;][vc_custom_heading text=&#8221;C\u1ea6U TR\u01af\u1ee2T N\u01af\u1edaC \u0110\u1ed8C \u0110\u00c1O&#8221; use_theme_fonts=&#8221;yes&#8221;][vc_empty_space][vc_gallery interval=&#8221;3&#8243; images=&#8221;5067,4937&#8243; img_size=&#8221;large&#8221;][vc_column_text]<\/p>\n<p><span style=\"font-size: 12pt;\">M\u1ed9t tr\u1ea3i nghi\u1ec7m \u0111\u1eb7c bi\u1ec7t d\u00e0nh ri\u00eang cho kh\u00e1ch h\u00e0ng c\u1ee7a Du thuy\u1ec1n Capella. T\u1eeb t\u1ea7ng 2 c\u1ee7a du thuy\u1ec1n, b\u1ea1n s\u1ebd \u0111\u01b0\u1ee3c th\u1eed c\u1ea3m gi\u00e1c c\u1ee7a c\u00e1c tr\u00f2 ch\u01a1i m\u1ea1o hi\u1ec3m khi tr\u01b0\u1ee3c th\u1eb3ng xu\u1ed1ng m\u1eb7t bi\u1ec3n.\u00a0<\/span><\/p>\n<p>[\/vc_column_text][vc_separator el_width=&#8221;50&#8243;][\/vc_column][\/vc_row][vc_row][vc_column width=&#8221;1\/2&#8243;][vc_custom_heading text=&#8221;GI\u1ea2I TR\u00cd T\u1ea0I CIGAR &amp; POKER CLUB&#8221; use_theme_fonts=&#8221;yes&#8221;][vc_empty_space][vc_gallery interval=&#8221;3&#8243; images=&#8221;4915,5116&#8243; img_size=&#8221;large&#8221;][vc_column_text]<\/p>\n<p><span style=\"font-size: 12pt;\">Ngo\u00e0i c\u00e1c ho\u1ea1t \u0111\u1ed9ng gi\u1ea3i tr\u00ed tr\u00ean v\u1ecbnh, Du thuy\u1ec1n Capella c\u00f2n b\u1ed1 tr\u00ed m\u1ed9t khu v\u1ef1c gi\u1ea3i tr\u00ed ri\u00eang d\u00e0nh cho kh\u00e1ch h\u00e0ng. Cigar &amp; Poker Club l\u00e0 n\u01a1i b\u1ea1n c\u00f9ng gia \u0111\u00ecnh, b\u1ea1n b\u00e8 tho\u1ea3i m\u00e1i gi\u1ea3i tr\u00ed theo \u00fd th\u00edch c\u1ee7a m\u00ecnh.<\/span><\/p>\n<p>[\/vc_column_text][vc_separator el_width=&#8221;50&#8243;][\/vc_column][vc_column width=&#8221;1\/2&#8243;][vc_custom_heading text=&#8221;KH\u00d4NG GIAN H\u1ed8I TH\u1ea2O RI\u00caNG BI\u1ec6T&#8221; use_theme_fonts=&#8221;yes&#8221;][vc_empty_space][vc_gallery interval=&#8221;3&#8243; images=&#8221;5050,4934&#8243; img_size=&#8221;large&#8221;][vc_column_text]<\/p>\n<p><span style=\"font-size: 12pt;\">Kh\u00f4ng ch\u1ec9 ph\u1ee5c v\u1ee5 c\u00e1c nhu c\u1ea7u ngh\u1ec9 d\u01b0\u1ee1ng v\u00e0 gi\u1ea3i tr\u00ed, Du thuy\u1ec1n Capella c\u00f2n c\u00f3 m\u1ed9t khu v\u1ef1c ri\u00eang t\u1ea1i t\u1ea7ng 4 ph\u1ee5c v\u1ee5 c\u00e1c bu\u1ed5i <em><span style=\"text-decoration: underline;\"><a href=\"https:\/\/www.capellacruise.com\/vn\/dich-vu-hoi-thao\/\">h\u1ed9i th\u1ea3o<\/a><\/span><\/em>. \u0110\u00e2y l\u00e0 n\u01a1i t\u1ed5 ch\u1ee9c s\u1ef1 ki\u1ec7n ho\u00e0n h\u1ea3o v\u1edbi s\u1ed1 l\u01b0\u1ee3ng kh\u00e1ch l\u00ean t\u1edbi 70 ng\u01b0\u1eddi.<\/span><\/p>\n<p>[\/vc_column_text][vc_separator el_width=&#8221;50&#8243;][\/vc_column][\/vc_row][vc_row][vc_column][vc_empty_space][\/vc_column][\/vc_row][vc_row][vc_column][vc_btn title=&#8221;\u0110\u1eb6T TOUR NGAY&#8221; color=&#8221;danger&#8221; size=&#8221;lg&#8221; align=&#8221;center&#8221; link=&#8221;url:https%3A%2F%2Fwww.capellacruise.com%2Fvn%2Fenquiry-now%2F|||&#8221;][\/vc_column][\/vc_row][vc_row][vc_column][vc_empty_space height=&#8221;42px&#8221;][\/vc_column][\/vc_row]<\/p>\n","protected":false},"excerpt":{"rendered":"<p>[vc_row][vc_column][vc_column_text] Du thuy\u1ec1n Capella l\u00e0 s\u1ef1 k\u1ebft h\u1ee3p c\u1ee7a ngh\u1ec7 thu\u1eadt thi\u1ebft k\u1ebf du thuy\u1ec1n hi\u1ec7n \u0111\u1ea1i v\u00e0 phong c\u00e1ch ki\u1ebfn tr\u00fac \u0110\u00f4ng D\u01b0\u01a1ng. M\u1ed9t kh\u00f4ng gian ngh\u1ec9 d\u01b0\u1ee1ng sang tr\u1ecdng \u0111\u1eb3ng c\u1ea5p v\u1edbi \u0111\u1ea7y \u0111\u1ee7 c\u00f4ng n\u0103ng, t\u1ed1i \u01b0u tr\u1ea3i nghi\u1ec7m kh\u00e1ch h\u00e0ng. Du thuy\u1ec1n Capella t\u1ef1 h\u00e0o s\u1edf h\u1eefu nh\u1eefng \u0111i\u1ec1u \u0111\u1eb7c bi\u1ec7t&#8230;<\/p>\n","protected":false},"author":1,"featured_media":0,"parent":0,"menu_order":0,"comment_status":"closed","ping_status":"closed","template":"temp_dining.php","meta":[],"_links":{"self":[{"href":"https:\/\/www.capellacruise.com\/vn\/wp-json\/wp\/v2\/pages\/4908"}],"collection":[{"href":"https:\/\/www.capellacruise.com\/vn\/wp-json\/wp\/v2\/pages"}],"about":[{"href":"https:\/\/www.capellacruise.com\/vn\/wp-json\/wp\/v2\/types\/page"}],"author":[{"embeddable":true,"href":"https:\/\/www.capellacruise.com\/vn\/wp-json\/wp\/v2\/users\/1"}],"replies":[{"embeddable":true,"href":"https:\/\/www.capellacruise.com\/vn\/wp-json\/wp\/v2\/comments?post=4908"}],"version-history":[{"count":18,"href":"https:\/\/www.capellacruise.com\/vn\/wp-json\/wp\/v2\/pages\/4908\/revisions"}],"predecessor-version":[{"id":5194,"href":"https:\/\/www.capellacruise.com\/vn\/wp-json\/wp\/v2\/pages\/4908\/revisions\/5194"}],"wp:attachment":[{"href":"https:\/\/www.capellacruise.com\/vn\/wp-json\/wp\/v2\/media?parent=4908"}],"curies":[{"name":"wp","href":"https:\/\/api.w.org\/{rel}","templated":true}]}}