{"id":4894,"date":"2021-02-22T16:44:55","date_gmt":"2021-02-22T09:44:55","guid":{"rendered":"https:\/\/www.capellacruise.com\/vn\/?page_id=4894"},"modified":"2022-07-22T15:00:40","modified_gmt":"2022-07-22T08:00:40","slug":"gioi-thieu","status":"publish","type":"page","link":"https:\/\/www.capellacruise.com\/vn\/gioi-thieu\/","title":{"rendered":"Du thuy\u1ec1n Capella"},"content":{"rendered":"<p>[vc_row][vc_column][vc_column_text]<\/p>\n<p style=\"text-align: center;\"><span style=\"font-size: 14pt;\"><strong>DU THUY\u1ec0N CAPELLA, N\u1ed0T NH\u1ea0C \u0110\u1ea6U TI\u00caN&#8230;<\/strong><\/span><\/p>\n<p style=\"text-align: center;\"><span style=\"font-size: 12pt;\">B\u1eaft \u0111\u1ea7u h\u00e0nh tr\u00ecnh \u0111\u1ea7u ti\u00ean v\u00e0o th\u00e1ng 8 n\u0103m 2020, Du thuy\u1ec1n Capella mang \u0111\u1ebfn tr\u1ea3i nghi\u1ec7m k\u1ef3 ngh\u1ec9 sang tr\u1ecdng, \u0111\u1eb3ng c\u1ea5p ho\u00e0n to\u00e0n m\u1edbi tr\u00ean V\u1ecbnh Lan H\u1ea1. Du thuy\u1ec1n l\u00e0 s\u1ef1 giao h\u00f2a c\u1ee7a thi\u1ebft k\u1ebf du thuy\u1ec1n hi\u1ec7n \u0111\u1ea1i v\u00e0 phong c\u00e1ch ki\u1ebfn tr\u00fac \u0110\u00f4ng D\u01b0\u01a1ng \u0111\u1eb7c s\u1eafc. Kh\u00f4ng gian ngh\u1ec9 d\u01b0\u1ee1ng v\u1edbi 30 ph\u00f2ng ngh\u1ec9 sang tr\u1ecdng c\u00f9ng h\u1ec7 th\u1ed1ng nh\u00e0 h\u00e0ng, b\u1ec3 b\u01a1i, bar, spa, lounge, club\u2026 c\u00f9ng c\u00e1c ti\u1ec7n \u00edch gi\u1ea3i tr\u00ed \u0111a d\u1ea1ng. Du thuy\u1ec1n Capella l\u00e0 n\u1ed1t nh\u1ea1c \u0111\u1ea7u ti\u00ean trong b\u1ea3n h\u00f2a t\u1ea5u tr\u00ean bi\u1ec3n, kh\u1edfi \u0111\u1ea7u d\u00f2ng s\u1ea3n ph\u1ea9m du thuy\u1ec1n sang tr\u1ecdng, ngh\u1ec9 d\u01b0\u1ee1ng \u0111\u1eb3ng c\u1ea5p.<\/span><\/p>\n<p>[\/vc_column_text][\/vc_column][\/vc_row][vc_row][vc_column width=&#8221;1\/2&#8243;][vc_single_image image=&#8221;5048&#8243; img_size=&#8221;full&#8221;][\/vc_column][vc_column width=&#8221;1\/2&#8243;][vc_single_image image=&#8221;4937&#8243; img_size=&#8221;full&#8221;][\/vc_column][\/vc_row][vc_row][vc_column][vc_column_text]<\/p>\n<p style=\"text-align: center;\"><span style=\"font-size: 14pt;\"><strong>NGH\u1ec8 D\u01af\u1ee0NG \u0110\u1eb2NG C\u1ea4P TR\u00caN V\u1ecaNH LAN H\u1ea0<\/strong><\/span><\/p>\n<p style=\"text-align: center;\"><span style=\"font-size: 12pt;\"><strong>Du thuy\u1ec1n Capella<\/strong> mang \u00e2m h\u01b0\u1edfng phong c\u00e1ch ki\u1ebfn tr\u00fac \u0110\u00f4ng D\u01b0\u01a1ng. T\u1eebng chi ti\u1ebft trong thi\u1ebft k\u1ebf du thuy\u1ec1n \u0111\u01b0\u1ee3c trau chu\u1ed1t d\u1ef1a tr\u00ean s\u1ef1 t\u00ednh to\u00e1n c\u1ea9n th\u1eadn v\u1ec1 c\u00f4ng n\u0103ng s\u1eed d\u1ee5ng v\u00e0 t\u00ednh th\u1eabm m\u0129 trong t\u1eebng tr\u1ea3i nghi\u1ec7m c\u1ee7a kh\u00e1ch h\u00e0ng. V\u1edbi h\u00e0nh tr\u00ecnh ri\u00eang bi\u1ec7t kh\u00e1m ph\u00e1 V\u1ecbnh H\u1ea1 Long \u2013 V\u1ecbnh Lan H\u1ea1, m\u1ed9t h\u00e0nh tr\u00ecnh hai \u0111i\u1ec3m \u0111\u1ebfn, du kh\u00e1ch s\u1ebd t\u1eadn h\u01b0\u1edfng m\u1ed9t chuy\u1ebfn \u0111i gi\u1eefa l\u00f2ng di s\u1ea3n thi\u00ean nhi\u00ean, h\u00f2a m\u00ecnh v\u00e0o v\u1ebb \u0111\u1eb9p c\u1ee7a v\u1ecbnh bi\u1ec3n thi\u00ean \u0111\u01b0\u1eddng. Kh\u00f4ng gian ngh\u1ec9 d\u01b0\u1ee1ng v\u1edbi 30 ph\u00f2ng ngh\u1ec9 h\u1ea1ng sang, di\u1ec7n t\u00edch r\u1ed9ng v\u1edbi h\u1ec7 th\u1ed1ng c\u1eeda s\u1ed5 tr\u1ea7n, ban c\u00f4ng ri\u00eang v\u00e0 b\u1ed3n t\u1eafm h\u01b0\u1edbng v\u1ecbnh l\u00e0 phong c\u00e1ch ngh\u1ec9 d\u01b0\u1ee1ng th\u1eddi th\u01b0\u1ee3ng, n\u01a1i ghi d\u1ea5u nh\u1eefng k\u1ec9 nhi\u1ec7m tuy\u1ec7t v\u1eddi cho chuy\u1ebfn \u0111i c\u1ee7a b\u1ea1n v\u00e0 gia \u0111\u00ecnh.<\/span><\/p>\n<p style=\"text-align: center;\"><span style=\"font-size: 12pt;\">H\u01a1n th\u1ebf n\u1eefa, Du thuy\u1ec1n Capella c\u00f2n c\u00f3 r\u1ea5t nhi\u1ec1u ho\u1ea1t \u0111\u1ed9ng gi\u1ea3i tr\u00ed \u0111a d\u1ea1ng v\u1edbi m\u00e1ng tr\u01b0\u1ee3t n\u01b0\u1edbc, b\u1ec3 b\u01a1i, ch\u00e8o thuy\u1ec1n kayak, Poker club&#8230; c\u00f3 m\u1ed9t kh\u00f4ng hai tr\u00ean V\u1ecbnh Lan H\u1ea1. K\u1ef3 ngh\u1ec9 c\u1ee7a b\u1ea1n s\u1ebd tr\u00e0n ng\u1eadp ti\u1ebfng c\u01b0\u1eddi v\u00e0 \u1ea5n t\u01b0\u1ee3ng kh\u00f3 qu\u00ean.<\/span><\/p>\n<p>[\/vc_column_text][\/vc_column][\/vc_row][vc_row][vc_column width=&#8221;1\/2&#8243;][vc_single_image image=&#8221;4938&#8243; img_size=&#8221;full&#8221;][\/vc_column][vc_column width=&#8221;1\/2&#8243;][vc_single_image image=&#8221;4897&#8243; img_size=&#8221;full&#8221;][\/vc_column][\/vc_row][vc_row][vc_column][vc_column_text]<\/p>\n<p style=\"text-align: center;\"><span style=\"font-size: 14pt;\"><strong>KH\u00d4NG GIAN T\u1ed4 CH\u1ee8C H\u1ed8I TH\u1ea2O &amp; S\u1ef0 KI\u1ec6N\u00a0<\/strong><\/span><\/p>\n<p style=\"text-align: center;\"><span style=\"font-size: 12pt;\"><strong>Kh\u00f4ng gian t\u1ed5 ch\u1ee9c H\u1ed9i th\u1ea3o ri\u00eang bi\u1ec7t <\/strong>v\u1edbi h\u1ec7 th\u1ed1ng \u00e2m thanh anh s\u00e1ng hi\u1ec7n \u0111\u1ea1i \u0111\u01b0\u1ee3c Du thuy\u1ec1n Capella s\u1eed d\u1ee5ng v\u00e0 set up d\u00e0nh ri\u00eang cho c\u00e1c s\u1ef1 ki\u1ec7n, h\u1ed9i h\u1ecdp quan tr\u1ecdng c\u1ee7a Doanh nghi\u1ec7p. T\u1ea5t c\u1ea3 \u0111\u01b0\u1ee3c bao g\u1ed3m trong m\u1ed9t ch\u01b0\u01a1ng tr\u00ecnh v\u1edbi ph\u00f2ng ngh\u1ec9, ho\u1ea1t \u0111\u1ed9ng gi\u1ea3i tr\u00ed, t\u1ed5 ch\u1ee9c h\u1ed9i th\u1ea3o s\u1ef1 ki\u1ec7n theo y\u00eau c\u1ea7u c\u1ee7a kh\u00e1ch h\u00e0ng. V\u1edbi \u0111\u1ed9i ng\u0169 nh\u00e2n vi\u00ean kinh nghi\u1ec7m, chu \u0111\u00e1o ph\u1ee5c v\u1ee5 kh\u00e1ch h\u00e0ng, m\u1ed9t kh\u00f4ng gian h\u1ed9i th\u1ea3o, s\u1ef1 ki\u1ec7n \u0111\u1ed9c \u0111\u00e1o gi\u1eefa V\u1ecbnh Lan H\u1ea1 ch\u1eafc ch\u1eafn s\u1ebd gi\u00fap gia t\u0103ng hi\u1ec7u su\u1ea5t c\u00f4ng vi\u1ec7c v\u00e0 \u0111\u1ea3m b\u1ea3o th\u00e0nh c\u00f4ng cho h\u1ee3p t\u00e1c c\u00f4ng vi\u1ec7c.<\/span><\/p>\n<p>[\/vc_column_text][\/vc_column][\/vc_row][vc_row][vc_column width=&#8221;1\/2&#8243;][vc_single_image image=&#8221;4901&#8243; img_size=&#8221;full&#8221;][\/vc_column][vc_column width=&#8221;1\/2&#8243;][vc_single_image image=&#8221;5050&#8243; img_size=&#8221;full&#8221;][\/vc_column][\/vc_row][vc_row][vc_column][vc_column_text]<\/p>\n<p style=\"text-align: center;\"><span style=\"font-size: 14pt;\"><strong>\u0110\u1ed8I NG\u0168 NH\u00c2N VI\u00caN CHUY\u00caN NGHI\u1ec6P &amp; NHI\u1ec6T HUY\u1ebeT<\/strong><\/span><\/p>\n<p style=\"text-align: center;\"><span style=\"font-size: 12pt;\">\u0110\u1ed9i ng\u0169 nh\u00e2n s\u1ef1 bao g\u1ed3m nh\u1eefng ng\u01b0\u1eddi c\u00f3 kinh nghi\u1ec7m, nhi\u1ec7t huy\u1ebft,\u00a0 tr\u1ebb trung lu\u00f4n l\u00e0m vi\u1ec7c v\u00ec m\u1ee5c \u0111\u00edch cao nh\u1ea5t: tr\u1ea3i nghi\u1ec7m c\u1ee7a kh\u00e1ch h\u00e0ng. M\u1ed9t t\u1eadp th\u1ec3 g\u1eafn b\u00f3, chia s\u1ebb v\u00e0 lu\u00f4n h\u1ed7 tr\u1ee3 nhau, mang l\u1ea1i cho du kh\u00e1ch h\u00e0nh tr\u00ecnh kh\u00e1m ph\u00e1 v\u00e0 th\u1eddi gian ngh\u1ec9 ng\u01a1i tuy\u1ec7t v\u1eddi nh\u1ea5t tr\u00ean Du thuy\u1ec1n Capella.<\/span><\/p>\n<p>[\/vc_column_text][\/vc_column][\/vc_row][vc_row][vc_column width=&#8221;1\/2&#8243;][vc_single_image image=&#8221;5046&#8243; img_size=&#8221;full&#8221;][\/vc_column][vc_column width=&#8221;1\/2&#8243;][vc_single_image image=&#8221;5047&#8243; img_size=&#8221;full&#8221;][\/vc_column][\/vc_row][vc_row][vc_column][vc_empty_space][vc_btn title=&#8221;\u0110\u1eb6T TOUR NGAY&#8221; color=&#8221;danger&#8221; size=&#8221;lg&#8221; align=&#8221;center&#8221; link=&#8221;url:https%3A%2F%2Fwww.capellacruise.com%2Fvn%2Fenquiry-now%2F||target:%20_blank|&#8221;][vc_empty_space height=&#8221;42px&#8221;][\/vc_column][\/vc_row][vc_row][vc_column][vc_separator][\/vc_column][\/vc_row]<\/p>\n","protected":false},"excerpt":{"rendered":"<p>[vc_row][vc_column][vc_column_text] DU THUY\u1ec0N CAPELLA, N\u1ed0T NH\u1ea0C \u0110\u1ea6U TI\u00caN&#8230; B\u1eaft \u0111\u1ea7u h\u00e0nh tr\u00ecnh \u0111\u1ea7u ti\u00ean v\u00e0o th\u00e1ng 8 n\u0103m 2020, Du thuy\u1ec1n Capella mang \u0111\u1ebfn tr\u1ea3i nghi\u1ec7m k\u1ef3 ngh\u1ec9 sang tr\u1ecdng, \u0111\u1eb3ng c\u1ea5p ho\u00e0n to\u00e0n m\u1edbi tr\u00ean V\u1ecbnh Lan H\u1ea1. Du thuy\u1ec1n l\u00e0 s\u1ef1 giao h\u00f2a c\u1ee7a thi\u1ebft k\u1ebf du thuy\u1ec1n hi\u1ec7n \u0111\u1ea1i v\u00e0 phong c\u00e1ch&#8230;<\/p>\n","protected":false},"author":1,"featured_media":0,"parent":0,"menu_order":0,"comment_status":"closed","ping_status":"closed","template":"temp_dining.php","meta":[],"_links":{"self":[{"href":"https:\/\/www.capellacruise.com\/vn\/wp-json\/wp\/v2\/pages\/4894"}],"collection":[{"href":"https:\/\/www.capellacruise.com\/vn\/wp-json\/wp\/v2\/pages"}],"about":[{"href":"https:\/\/www.capellacruise.com\/vn\/wp-json\/wp\/v2\/types\/page"}],"author":[{"embeddable":true,"href":"https:\/\/www.capellacruise.com\/vn\/wp-json\/wp\/v2\/users\/1"}],"replies":[{"embeddable":true,"href":"https:\/\/www.capellacruise.com\/vn\/wp-json\/wp\/v2\/comments?post=4894"}],"version-history":[{"count":22,"href":"https:\/\/www.capellacruise.com\/vn\/wp-json\/wp\/v2\/pages\/4894\/revisions"}],"predecessor-version":[{"id":5297,"href":"https:\/\/www.capellacruise.com\/vn\/wp-json\/wp\/v2\/pages\/4894\/revisions\/5297"}],"wp:attachment":[{"href":"https:\/\/www.capellacruise.com\/vn\/wp-json\/wp\/v2\/media?parent=4894"}],"curies":[{"name":"wp","href":"https:\/\/api.w.org\/{rel}","templated":true}]}}