{"id":4793,"date":"2021-02-01T11:17:24","date_gmt":"2021-02-01T04:17:24","guid":{"rendered":"https:\/\/www.capellacruise.com\/?page_id=4793"},"modified":"2025-01-08T09:39:06","modified_gmt":"2025-01-08T02:39:06","slug":"capella-facilities","status":"publish","type":"page","link":"https:\/\/www.capellacruise.com\/vn\/capella-facilities\/","title":{"rendered":"Ti\u1ec7n nghi"},"content":{"rendered":"<p>[vc_row][vc_column][vc_column_text]<\/p>\n<p style=\"text-align: center;\"><span style=\"font-size: 12pt;\">Du thuy\u1ec1n Capella l\u00e0 s\u1ef1 giao h\u00f2a c\u1ee7a ngh\u1ec7 thu\u1eadt thi\u1ebft k\u1ebf du thuy\u1ec1n hi\u1ec7n \u0111\u1ea1i k\u1ebft h\u1ee3p v\u1edbi phong c\u00e1ch thi\u1ebft k\u1ebf \u0110\u00f4ng D\u01b0\u01a1ng t\u1ea1o n\u00ean m\u1ed9t kh\u00f4ng gian ngh\u1ec9 d\u01b0\u1ee1ng ti\u1ec7n nghi, sang tr\u1ecdng d\u00e0nh cho du kh\u00e1ch. Ngo\u00e0i 30 ph\u00f2ng ngh\u1ec9 cao c\u1ea5p, du thuy\u1ec1n Capella c\u00f2n r\u1ea5t nhi\u1ec1u kh\u00f4ng gian chung d\u00e0nh cho t\u1eebng tr\u1ea3i nghi\u1ec7m c\u1ee7a kh\u00e1ch h\u00e0ng theo s\u1edf th\u00edch: b\u1ec3 b\u01a1i, m\u00e1ng tr\u01b0\u1ee3t n\u01b0\u1edbc, lounge, spa, ph\u00f2ng t\u1eadp gym, s\u00e2n golf mini&#8230;<\/span><\/p>\n<p>[\/vc_column_text][vc_separator el_width=&#8221;40&#8243;][vc_empty_space][\/vc_column][\/vc_row][vc_row][vc_column width=&#8221;1\/2&#8243;][vc_column_text]<\/p>\n<p><span style=\"font-size: 14pt;\"><strong>NH\u00c0 H\u00c0NG HARMONY OF THE SEA<\/strong><\/span><\/p>\n<p style=\"text-align: justify;\"><span style=\"font-size: 12pt;\">Nh\u00e0 h\u00e0ng <strong>Harmony of the Sea<\/strong> n\u1eb1m t\u1ea1i t\u1ea7ng 2 v\u1edbi s\u1ee9c ch\u1ee9a d\u00e0nh cho 70 kh\u00e1ch h\u00e0ng. Thi\u1ebft k\u1ebf c\u1ee7a nh\u00e0 h\u00e0ng mang \u00e2m h\u01b0\u1edfng ho\u00e0i c\u1ed5, th\u1eddi k\u00ec \u0110\u00f4ng D\u01b0\u01a1ng thu\u1ed9c Ph\u00e1p, kh\u00f4ng gian trang tr\u00ed gallery tranh v\u00e0 c\u00e1c bi\u1ec3u t\u01b0\u1ee3ng m\u1ef9 thu\u1eadt c\u1ed5 \u0111i\u1ec3n. Nh\u00e0 h\u00e0ng l\u00e0 n\u01a1i ph\u1ee5c v\u1ee5 c\u00e1c b\u1eefa \u0103n buffet v\u00e0 set menu theo ch\u01b0\u01a1ng tr\u00ecnh tour, c\u00e1c m\u00f3n \u0103n \u0111\u01b0\u1ee3c ch\u1ebf bi\u1ebfn mang h\u01b0\u01a1ng v\u1ecb \u0111\u1eb7c tr\u01b0ng v\u00e0 trang tr\u00ed m\u1eaft b\u1eaft theo phong c\u00e1ch \u201cfine dining\u201d t\u1eeb c\u00e1c \u0111\u1ea7u b\u1ebfp kh\u00e9o tay tr\u00ean du thuy\u1ec1n.<\/span><\/p>\n<p>[\/vc_column_text][vc_gallery interval=&#8221;3&#8243; images=&#8221;4777,4926,4925,4924&#8243; img_size=&#8221;large&#8221;][vc_separator el_width=&#8221;50&#8243;][\/vc_column][vc_column width=&#8221;1\/2&#8243;][vc_column_text]<\/p>\n<p><span style=\"font-size: 14pt;\"><strong>SPIRIT OF THE SEA LOUNGE<\/strong><\/span><\/p>\n<p style=\"text-align: justify;\"><span style=\"font-size: 12pt;\">Kh\u00f4ng gian \u201cchill \u201cc\u1ef1c ch\u1ea5t t\u1ea1i Spirit of the Sea Lounge t\u1ea1i t\u1ea7ng 4 c\u1ee7a Du thuy\u1ec1n Capella. \u0110\u00e2y l\u00e0 n\u01a1i l\u00ed t\u01b0\u1edfng \u0111\u00f3n ho\u00e0ng h\u00f4n hay t\u1eadn h\u01b0\u1edfng th\u1eddi gian b\u00ean b\u1ea1n b\u00e8, ng\u01b0\u1eddi th\u00e2n sau th\u1eddi gian b\u1eefa t\u1ed1i, tr\u00f2 chuy\u1ec7n, th\u01b0\u1edfng th\u1ee9c c\u00e1c b\u1ed9 phim. \u00a0Kh\u00f4ng gian lounge c\u1ef1c k\u00ec y\u00ean t\u0129nh, \u0111\u01b0\u1ee3c t\u00e1ch bi\u1ec7t v\u1edbi c\u00e1c khu v\u1ef1c kh\u00e1c tr\u00ean du thuy\u1ec1n. B\u1ea1n c\u00f3 th\u1ec3 l\u1ef1a ch\u1ecdn ng\u1ed3i \u1edf kh\u00f4ng gian n\u1ed9i th\u1ea5t ti\u1ec7n nghi b\u00ean trong hay kh\u00f4ng gian m\u1edf b\u00ean ngo\u00e0i, t\u1ea1i khu v\u1ef1c thi\u1ebft k\u1ebf u\u1ed1n cong h\u00ecnh s\u00f3ng bi\u1ec3n \u1ea5n t\u01b0\u1ee3ng.<\/span><\/p>\n<p>[\/vc_column_text][vc_gallery interval=&#8221;3&#8243; images=&#8221;4783,4930,4929&#8243; img_size=&#8221;large&#8221;][vc_separator el_width=&#8221;50&#8243;][\/vc_column][\/vc_row][vc_row][vc_column width=&#8221;1\/2&#8243;][vc_column_text]<\/p>\n<p><span style=\"font-size: 14pt;\"><strong>B\u1ec2 B\u01a0I OASIS POOL &amp; JACUZZI\u00a0<\/strong><\/span><\/p>\n<p style=\"text-align: justify;\"><span style=\"font-size: 12pt;\">B\u1ec3 b\u01a1i b\u1ed1n m\u00f9a <strong>Oasis Pool<\/strong> v\u1edbi b\u1ed3n s\u1ee5c Jacuzzi v\u00e0 m\u1ed9t b\u1ec3 b\u01a1i n\u1ed5i tr\u00ean bi\u1ec3n (Ocean Pool) s\u1ebd khi\u1ebfn cho tr\u1ea3i nghi\u1ec7m trong chuy\u1ebfn \u0111i c\u1ee7a b\u1ea1n th\u1ef1c s\u1ef1 vui v\u1ebb v\u00e0 \u1ea5n t\u01b0\u1ee3ng. N\u1eb1m t\u1ea1i t\u1ea7ng 1, ngay g\u1ea7n bi\u1ec3n, m\u1ed9t kh\u00f4ng gian m\u1edf \u0111\u01b0\u1ee3c thi\u1ebft k\u1ebf \u1ea5n t\u01b0\u1ee3ng v\u1edbi qu\u1ea7y bar, Oasis Pool \u0111i\u1ec3m nh\u1ea5n v\u1ec1 phong c\u00e1ch ngh\u1ec9 d\u01b0\u1ee1ng m\u00e0 Du thuy\u1ec1n Capella d\u00e0nh ri\u00eang cho b\u1ea1n.<\/span><\/p>\n<p>[\/vc_column_text][vc_gallery interval=&#8221;3&#8243; images=&#8221;4803,4920,5056&#8243; img_size=&#8221;large&#8221;][vc_separator el_width=&#8221;50&#8243;][\/vc_column][vc_column width=&#8221;1\/2&#8243;][vc_column_text]<\/p>\n<p><span style=\"font-size: 14pt;\"><strong>SEA MEMORY SPA\u00a0<\/strong><\/span><\/p>\n<p style=\"text-align: justify;\"><span style=\"font-size: 12pt;\">Sau m\u1ed9t ng\u00e0y d\u00e0i v\u1edbi nhi\u1ec1u ho\u1ea1t \u0111\u1ed9ng tr\u1ea3i nghi\u1ec7m, <strong>Sea Memory Spa<\/strong> mang l\u1ea1i cho b\u1ea1n nh\u1eefng gi\u00e2y ph\u00fat ngh\u1ec9 ng\u01a1i, h\u1ed3i ph\u1ee5c n\u0103ng l\u01b0\u1ee3ng v\u1edbi c\u00e1c li\u1ec7u ph\u00e1p ch\u0103m s\u00f3c s\u1ee9c kh\u1ecfe. M\u1ed9t kh\u00f4ng gian y\u00ean t\u0129nh trong m\u00f9i h\u01b0\u01a1ng nh\u1eb9 nh\u00e0ng c\u1ee7a c\u00e1c lo\u1ea1i th\u1ea3o m\u1ed9c v\u00e0 b\u1ea3n nh\u1ea1c y\u00eau th\u00edch \u0111\u1ec3 b\u1ea1n ch\u0103m s\u00f3c b\u1ea3n th\u00e2n, t\u1eadn h\u01b0\u1edfng tr\u1ecdn v\u1eb9n k\u00ec ngh\u1ec9.<\/span><\/p>\n<p>[\/vc_column_text][vc_gallery interval=&#8221;3&#8243; images=&#8221;4804&#8243; img_size=&#8221;large&#8221;][vc_separator el_width=&#8221;50&#8243;][\/vc_column][\/vc_row][vc_row][vc_column width=&#8221;1\/2&#8243;][vc_column_text]<\/p>\n<p><span style=\"font-size: 14pt;\"><strong>CIGAR &amp; POKER CLUB\u00a0<\/strong><\/span><\/p>\n<p style=\"text-align: justify;\"><span style=\"font-size: 12pt;\">M\u1ed9t kh\u00f4ng gian gi\u1ea3i tr\u00ed \u0111\u1eb7c bi\u1ec7t, ch\u1ec9 c\u00f3 \u1edf Du thuy\u1ec1n Capella. Cigar &amp; Poker Club mang \u0111\u1ebfn cho b\u1ea1n nh\u1eefng gi\u00e2y ph\u00fat gi\u1ea3i tr\u00ed vui v\u1ebb v\u1edbi b\u1ea1n b\u00e8, ng\u01b0\u1eddi th\u00e2n v\u00e0o th\u1eddi gian sau b\u1eefa t\u1ed1i. H\u00e3y tham gia v\u00e0 t\u1eadn h\u01b0\u1edfng tr\u00f2 ch\u01a1i \u0111\u1ea7y th\u00fa v\u1ecb n\u00e0y.<\/span><\/p>\n<p>[\/vc_column_text][vc_gallery interval=&#8221;3&#8243; images=&#8221;4805&#8243; img_size=&#8221;large&#8221;][vc_separator el_width=&#8221;50&#8243;][\/vc_column][vc_column width=&#8221;1\/2&#8243;][vc_column_text]<\/p>\n<p><span style=\"font-size: 14pt;\"><strong>T\u1ea6NG TH\u01af\u1ee2NG OCEAN SKY\u00a0<\/strong><\/span><\/p>\n<p style=\"text-align: justify;\"><span style=\"font-size: 12pt;\">T\u1ea7ng th\u01b0\u1ee3ng c\u1ee7a Du thuy\u1ec1n Capella, Ocean Sky Sundeck l\u00e0 n\u01a1i b\u1ea1n \u0111\u00f3n b\u00ecnh minh hay ng\u1eafm nh\u00ecn khung c\u1ea3nh ho\u00e0ng h\u00f4n tr\u00ean V\u1ecbnh Lan H\u1ea1. Kh\u00f4ng gian m\u1edf v\u1edbi gh\u1ebf t\u1eafm n\u1eafng, gh\u1ebf ng\u1ed3i \u201cchill\u201d v\u00e0 nh\u1eefng g\u00f3c ri\u00eang \u0111\u1ea7y \u1ea5n t\u01b0\u1ee3ng.<\/span><\/p>\n<p>[\/vc_column_text][vc_gallery interval=&#8221;3&#8243; images=&#8221;5057,4806&#8243; img_size=&#8221;large&#8221;][vc_separator el_width=&#8221;50&#8243;][\/vc_column][\/vc_row][vc_row][vc_column width=&#8221;1\/2&#8243;][vc_column_text]<\/p>\n<p><span style=\"font-size: 14pt;\"><strong>C\u1ea6U TR\u01af\u1ee2T N\u01af\u1edaC\u00a0<\/strong><\/span><\/p>\n<p style=\"text-align: justify;\"><span style=\"font-size: 12pt;\">Ho\u1ea1t \u0111\u1ed9ng tr\u1ea3i nghi\u1ec7m v\u00f4 c\u00f9ng th\u00fa v\u1ecb d\u00e0nh ri\u00eang cho kh\u00e1ch h\u00e0ng c\u1ee7a Du thuy\u1ec1n Capella. C\u1ea7u tr\u01b0\u1ee3t n\u01b0\u1edbc \u0111\u01b0\u1ee3c b\u1ed1 tr\u00ed \u0111\u1ec3 kh\u00e1ch h\u00e0ng tr\u1ea3i nghi\u1ec7m \u0111\u1ed9c cao t\u1eeb t\u1ea7ng 2 c\u1ee7a Du thuy\u1ec1n.<\/span><\/p>\n<p>[\/vc_column_text][vc_gallery interval=&#8221;3&#8243; images=&#8221;5067,4937&#8243; img_size=&#8221;full&#8221;][vc_separator el_width=&#8221;50&#8243;][\/vc_column][vc_column width=&#8221;1\/2&#8243;][vc_column_text]<\/p>\n<p><span style=\"font-size: 14pt;\"><strong>PH\u00d2NG T\u1eacP GYM<\/strong><\/span><\/p>\n<p style=\"text-align: justify;\"><span style=\"font-size: 12pt;\">Ph\u00f2ng t\u1eadp gi\u00fap b\u1ea1n kh\u00f4ng b\u1ecf qua th\u00f3i quen r\u00e8n luy\u1ec7n s\u1ee9c kh\u1ecfe ngay c\u1ea3 trong trong k\u00ec ngh\u1ec9. Du thuy\u1ec1n Capella b\u1ed1 tr\u00ed m\u1ed9t khu v\u1ef1c y\u00ean t\u0129nh \u0111\u1ec3 b\u1ea1n tho\u1ea3i m\u00e1i v\u00e0 t\u1ef1 do t\u1eadp luy\u1ec7n theo \u00fd th\u00edch.<\/span><\/p>\n<p>[\/vc_column_text][vc_gallery interval=&#8221;3&#8243; images=&#8221;4945&#8243; img_size=&#8221;large&#8221;][vc_separator el_width=&#8221;50&#8243;][\/vc_column][\/vc_row][vc_row][vc_column width=&#8221;1\/2&#8243;][vc_column_text]<\/p>\n<p><span style=\"font-size: 14pt;\"><strong>S\u00c2N G\u00d4N MINI<\/strong><\/span><\/p>\n<p style=\"text-align: justify;\"><span style=\"font-size: 12pt;\">S\u00e2n g\u00f4n mini ph\u00eda m\u0169i du thuy\u1ec1n l\u00e0 n\u01a1i b\u1ea1n tr\u1ea3i nghi\u1ec7m v\u1edbi m\u00f4n th\u1ec3 thao th\u1eddi th\u01b0\u1ee3ng \u0111\u01b0\u1ee3c nhi\u1ec1u ng\u01b0\u1eddi \u01b0a th\u00edch. M\u1ed9t kh\u00f4ng gian m\u1edf ra V\u1ecbnh bi\u1ec3n r\u1ed9ng l\u1edbn, \u00a0gia t\u0103ng tr\u1ea3i nghi\u1ec7m cho chuy\u1ebfn \u0111i.<\/span><\/p>\n<p>[\/vc_column_text][vc_gallery interval=&#8221;3&#8243; images=&#8221;4946&#8243; img_size=&#8221;full&#8221;][\/vc_column][vc_column width=&#8221;1\/2&#8243;][vc_column_text]<\/p>\n<p><span style=\"font-size: 14pt;\"><strong>PH\u00d2NG KARAOKE &#8211; SEA MELODY<\/strong><\/span><\/p>\n<p style=\"text-align: justify;\"><span style=\"font-size: 12pt;\">Ph\u00f2ng Karaoke n\u01a1i b\u1ea1n th\u1ecfa th\u00edch v\u1edbi ni\u1ec1m \u0111am m\u00ea ca h\u00e1t c\u1ee7a m\u00ecnh, n\u01a1i b\u1ea1n tho\u1ea3i m\u00e1i t\u1eadn h\u01b0\u1edfng b\u00ean gia \u0111\u00ecnh, b\u1ea1n b\u00e8, nh\u1eefng kh\u00f4ng gian ri\u00eang s\u1ebd gi\u00fap cho chuy\u1ebfn \u0111i c\u1ee7a b\u1ea1n th\u00eam vui v\u1ebb v\u00e0 \u00fd ngh\u0129a.<\/span><\/p>\n<p>[\/vc_column_text][vc_gallery interval=&#8221;3&#8243; images=&#8221;4947&#8243; img_size=&#8221;large&#8221;][\/vc_column][\/vc_row][vc_row][vc_column][vc_separator][\/vc_column][\/vc_row][vc_row][vc_column][vc_btn title=&#8221;\u0110\u1eb6T TOUR NGAY&#8221; color=&#8221;danger&#8221; size=&#8221;lg&#8221; align=&#8221;center&#8221; link=&#8221;url:https%3A%2F%2Fwww.capellacruise.com%2Fvn%2Fenquiry-now%2F|||&#8221;][\/vc_column][\/vc_row][vc_row][vc_column][vc_empty_space height=&#8221;42px&#8221;][\/vc_column][\/vc_row]<\/p>\n","protected":false},"excerpt":{"rendered":"<p>[vc_row][vc_column][vc_column_text] Du thuy\u1ec1n Capella l\u00e0 s\u1ef1 giao h\u00f2a c\u1ee7a ngh\u1ec7 thu\u1eadt thi\u1ebft k\u1ebf du thuy\u1ec1n hi\u1ec7n \u0111\u1ea1i k\u1ebft h\u1ee3p v\u1edbi phong c\u00e1ch thi\u1ebft k\u1ebf \u0110\u00f4ng D\u01b0\u01a1ng t\u1ea1o n\u00ean m\u1ed9t kh\u00f4ng gian ngh\u1ec9 d\u01b0\u1ee1ng ti\u1ec7n nghi, sang tr\u1ecdng d\u00e0nh cho du kh\u00e1ch. Ngo\u00e0i 30 ph\u00f2ng ngh\u1ec9 cao c\u1ea5p, du thuy\u1ec1n Capella c\u00f2n r\u1ea5t nhi\u1ec1u kh\u00f4ng gian&#8230;<\/p>\n","protected":false},"author":1,"featured_media":5359,"parent":0,"menu_order":0,"comment_status":"closed","ping_status":"closed","template":"temp_dining.php","meta":[],"_links":{"self":[{"href":"https:\/\/www.capellacruise.com\/vn\/wp-json\/wp\/v2\/pages\/4793"}],"collection":[{"href":"https:\/\/www.capellacruise.com\/vn\/wp-json\/wp\/v2\/pages"}],"about":[{"href":"https:\/\/www.capellacruise.com\/vn\/wp-json\/wp\/v2\/types\/page"}],"author":[{"embeddable":true,"href":"https:\/\/www.capellacruise.com\/vn\/wp-json\/wp\/v2\/users\/1"}],"replies":[{"embeddable":true,"href":"https:\/\/www.capellacruise.com\/vn\/wp-json\/wp\/v2\/comments?post=4793"}],"version-history":[{"count":22,"href":"https:\/\/www.capellacruise.com\/vn\/wp-json\/wp\/v2\/pages\/4793\/revisions"}],"predecessor-version":[{"id":5243,"href":"https:\/\/www.capellacruise.com\/vn\/wp-json\/wp\/v2\/pages\/4793\/revisions\/5243"}],"wp:featuredmedia":[{"embeddable":true,"href":"https:\/\/www.capellacruise.com\/vn\/wp-json\/wp\/v2\/media\/5359"}],"wp:attachment":[{"href":"https:\/\/www.capellacruise.com\/vn\/wp-json\/wp\/v2\/media?parent=4793"}],"curies":[{"name":"wp","href":"https:\/\/api.w.org\/{rel}","templated":true}]}}