{"id":4458,"date":"2020-12-05T15:48:21","date_gmt":"2020-12-05T08:48:21","guid":{"rendered":"http:\/\/viva-asian.com\/?page_id=4458"},"modified":"2021-05-10T14:46:17","modified_gmt":"2021-05-10T07:46:17","slug":"2-night-package","status":"publish","type":"page","link":"https:\/\/www.capellacruise.com\/vn\/2-night-package\/","title":{"rendered":"Tour 3 ng\u00e0y 2 \u0111\u00eam"},"content":{"rendered":"","protected":false},"excerpt":{"rendered":"","protected":false},"author":1,"featured_media":0,"parent":0,"menu_order":0,"comment_status":"closed","ping_status":"closed","template":"temp_package2.php","meta":[],"_links":{"self":[{"href":"https:\/\/www.capellacruise.com\/vn\/wp-json\/wp\/v2\/pages\/4458"}],"collection":[{"href":"https:\/\/www.capellacruise.com\/vn\/wp-json\/wp\/v2\/pages"}],"about":[{"href":"https:\/\/www.capellacruise.com\/vn\/wp-json\/wp\/v2\/types\/page"}],"author":[{"embeddable":true,"href":"https:\/\/www.capellacruise.com\/vn\/wp-json\/wp\/v2\/users\/1"}],"replies":[{"embeddable":true,"href":"https:\/\/www.capellacruise.com\/vn\/wp-json\/wp\/v2\/comments?post=4458"}],"version-history":[{"count":4,"href":"https:\/\/www.capellacruise.com\/vn\/wp-json\/wp\/v2\/pages\/4458\/revisions"}],"predecessor-version":[{"id":4974,"href":"https:\/\/www.capellacruise.com\/vn\/wp-json\/wp\/v2\/pages\/4458\/revisions\/4974"}],"wp:attachment":[{"href":"https:\/\/www.capellacruise.com\/vn\/wp-json\/wp\/v2\/media?parent=4458"}],"curies":[{"name":"wp","href":"https:\/\/api.w.org\/{rel}","templated":true}]}}