{"id":4318,"date":"2020-11-19T20:23:40","date_gmt":"2020-11-19T13:23:40","guid":{"rendered":"http:\/\/viva-asian.com\/?page_id=4318"},"modified":"2023-12-06T11:29:09","modified_gmt":"2023-12-06T04:29:09","slug":"contact-us","status":"publish","type":"page","link":"https:\/\/www.capellacruise.com\/vn\/contact-us\/","title":{"rendered":"Li\u00ean h\u1ec7"},"content":{"rendered":"<div class=\"col-md-6\">\n<p>Vui l\u00f2ng \u0111i\u1ec1n th\u00f4ng tin v\u00e0o form \u0111\u01b0\u1edbi \u0111\u00e2y, ch\u00fang t\u00f4i s\u1ebd li\u00ean h\u1ec7 v\u1edbi b\u1ea1n s\u1edbm nh\u1ea5t trong v\u00f2ng 12 ti\u1ebfng. B\u1ea1n c\u00f3 th\u1ec3 li\u00ean h\u1ec7 v\u1edbi ch\u00fang t\u00f4i qua hotline\/whatsapp +84 8 6799 5768\u00a0 ho\u1eb7c nh\u1eafn tin qua <a href=\"https:\/\/www.facebook.com\/Halongcapellacruise\"><span style=\"text-decoration: underline;\">Facebook Page<\/span><\/a><\/p>\n\n                <div class='gf_browser_gecko gform_wrapper' id='gform_wrapper_2' ><form method='post' enctype='multipart\/form-data'  id='gform_2'  action='\/vn\/wp-json\/wp\/v2\/pages\/4318'>\n                        <div class='gform_body'><ul id='gform_fields_2' class='gform_fields top_label form_sublabel_below description_below'><li id='field_2_1'  class='gfield gfield_contains_required field_sublabel_below field_description_below gfield_visibility_visible' ><label class='gfield_label' for='input_2_1' >T\u00ean c\u1ee7a b\u1ea1n<span class='gfield_required'>*<\/span><\/label><div class='ginput_container ginput_container_text'><input name='input_1' id='input_2_1' type='text' value='' class='medium'     aria-required=\"true\" aria-invalid=\"false\" \/><\/div><\/li><li id='field_2_2'  class='gfield gfield_contains_required field_sublabel_below field_description_below gfield_visibility_visible' ><label class='gfield_label' for='input_2_2' >Email<span class='gfield_required'>*<\/span><\/label><div class='ginput_container ginput_container_email'>\n                            <input name='input_2' id='input_2_2' type='text' value='' class='medium'    aria-required=\"true\" aria-invalid=\"false\" \/>\n                        <\/div><\/li><li id='field_2_3'  class='gfield gfield_contains_required field_sublabel_below field_description_below gfield_visibility_visible' ><label class='gfield_label' for='input_2_3' >N\u1ed9i dung y\u00eau c\u1ea7u<span class='gfield_required'>*<\/span><\/label><div class='ginput_container ginput_container_textarea'><textarea name='input_3' id='input_2_3' class='textarea medium'     aria-required=\"true\" aria-invalid=\"false\"   rows='10' cols='50'><\/textarea><\/div><\/li>\n                            <\/ul><\/div>\n        <div class='gform_footer top_label'> <input type='submit' id='gform_submit_button_2' class='gform_button button' value='G\u1eedi ngay'  onclick='if(window[\"gf_submitting_2\"]){return false;}  window[\"gf_submitting_2\"]=true;  ' onkeypress='if( event.keyCode == 13 ){ if(window[\"gf_submitting_2\"]){return false;} window[\"gf_submitting_2\"]=true;  jQuery(\"#gform_2\").trigger(\"submit\",[true]); }' \/> \n            <input type='hidden' class='gform_hidden' name='is_submit_2' value='1' \/>\n            <input type='hidden' class='gform_hidden' name='gform_submit' value='2' \/>\n            \n            <input type='hidden' class='gform_hidden' name='gform_unique_id' value='' \/>\n            <input type='hidden' class='gform_hidden' name='state_2' value='WyJbXSIsIjk0MmQyMGE4MmJkNmM0ODNlZDM2Y2IxODc4YzJkZThjIl0=' \/>\n            <input type='hidden' class='gform_hidden' name='gform_target_page_number_2' id='gform_target_page_number_2' value='0' \/>\n            <input type='hidden' class='gform_hidden' name='gform_source_page_number_2' id='gform_source_page_number_2' value='1' \/>\n            <input type='hidden' name='gform_field_values' value='' \/>\n            \n        <\/div>\n                        <\/form>\n                        <\/div><script type='text\/javascript'> jQuery(document).bind('gform_post_render', function(event, formId, currentPage){if(formId == 2) {} } );jQuery(document).bind('gform_post_conditional_logic', function(event, formId, fields, isInit){} );<\/script><script type='text\/javascript'> jQuery(document).ready(function(){jQuery(document).trigger('gform_post_render', [2, 1]) } ); <\/script>\n<p>&nbsp;<\/p>\n<p>&nbsp;<\/p>\n<p>&nbsp;<\/p>\n<\/div>\n<div id=\"sangphai\" class=\"col-md-6\">\n<p><strong><span class=\"JsGRdQ\">C\u00d4NG TY C\u1ed4 PH\u1ea6N \u0110\u1ea6U T\u01af VI\u1ec6T STAR CRUISE<\/span><\/strong><\/p>\n<p><strong>V\u0103n ph\u00f2ng H\u00e0 N\u1ed9i<\/strong><\/p>\n<ul>\n<li style=\"list-style-type: none;\">\n<ul>\n<li><strong>\u0110\u1ecba ch\u1ec9: <\/strong>T\u00f2a nh\u00e0 Hanoi Aqua Central, 44 Y\u00ean Ph\u1ee5, Ba \u0110\u00ecnh, H\u00e0 N\u1ed9i, Vi\u1ec7t Nam\u00a0<\/li>\n<li><strong>Tel:<\/strong> <a href=\"tel:02473073886\">+ (84) 24 730 73 886 <\/a> <em>(Li\u00ean h\u1ec7 \u0111\u1eb7t booking)<\/em><\/li>\n<li><strong>Email:<\/strong> <a href=\"mailto:info@capellacruise.com\">info@capellacruise.com<\/a>\u00a0<\/li>\n<\/ul>\n<\/li>\n<\/ul>\n<p><strong>V\u0103n ph\u00f2ng H\u1ea1 Long<\/strong><\/p>\n<ul>\n<li style=\"list-style-type: none;\">\n<ul>\n<li><strong>\u0110\u1ecba ch\u1ec9<em>:<\/em><\/strong> L\u00f4 20B, C\u1ea3ng t\u00e0u qu\u1ed1c t\u1ebf Tu\u1ea7n Ch\u00e2u, H\u1ea1 Long, Qu\u1ea3ng Ninh (<span style=\"text-decoration: underline;\"><a href=\"https:\/\/g.page\/CapellaCruise?share\">Xem v\u1ecb tr\u00ed<\/a><\/span>)\u00a0<\/li>\n<li><strong>Li\u00ean h\u1ec7 nh\u00e0 ch\u1edd \u0111\u00f3n kh\u00e1ch<em>:<\/em><\/strong> (+84) 86 266 5768\u00a0<\/li>\n<\/ul>\n<\/li>\n<\/ul>\n<p><a href=\"https:\/\/g.page\/CapellaCruise?share\"><img loading=\"lazy\" class=\"aligncenter wp-image-5305 size-full\" src=\"https:\/\/www.capellacruise.com\/vn\/wp-content\/uploads\/2022\/08\/TUANCHAU2.png\" alt=\"\" width=\"1138\" height=\"929\" srcset=\"https:\/\/www.capellacruise.com\/vn\/wp-content\/uploads\/2022\/08\/TUANCHAU2.png 1138w, https:\/\/www.capellacruise.com\/vn\/wp-content\/uploads\/2022\/08\/TUANCHAU2-300x245.png 300w, https:\/\/www.capellacruise.com\/vn\/wp-content\/uploads\/2022\/08\/TUANCHAU2-1024x836.png 1024w, https:\/\/www.capellacruise.com\/vn\/wp-content\/uploads\/2022\/08\/TUANCHAU2-768x627.png 768w, https:\/\/www.capellacruise.com\/vn\/wp-content\/uploads\/2022\/08\/TUANCHAU2-600x490.png 600w\" sizes=\"(max-width: 1138px) 100vw, 1138px\" \/><\/a><\/p>\n<\/div>\n","protected":false},"excerpt":{"rendered":"<p>Vui l\u00f2ng \u0111i\u1ec1n th\u00f4ng tin v\u00e0o form \u0111\u01b0\u1edbi \u0111\u00e2y, ch\u00fang t\u00f4i s\u1ebd li\u00ean h\u1ec7 v\u1edbi b\u1ea1n s\u1edbm nh\u1ea5t trong v\u00f2ng 12 ti\u1ebfng. B\u1ea1n c\u00f3 th\u1ec3 li\u00ean h\u1ec7 v\u1edbi ch\u00fang t\u00f4i qua hotline\/whatsapp +84 8 6799 5768\u00a0 ho\u1eb7c nh\u1eafn tin qua Facebook Page &nbsp; &nbsp; &nbsp; C\u00d4NG TY C\u1ed4 PH\u1ea6N \u0110\u1ea6U T\u01af VI\u1ec6T STAR CRUISE V\u0103n&#8230;<\/p>\n","protected":false},"author":1,"featured_media":0,"parent":0,"menu_order":0,"comment_status":"closed","ping_status":"closed","template":"temp_contact2.php","meta":[],"_links":{"self":[{"href":"https:\/\/www.capellacruise.com\/vn\/wp-json\/wp\/v2\/pages\/4318"}],"collection":[{"href":"https:\/\/www.capellacruise.com\/vn\/wp-json\/wp\/v2\/pages"}],"about":[{"href":"https:\/\/www.capellacruise.com\/vn\/wp-json\/wp\/v2\/types\/page"}],"author":[{"embeddable":true,"href":"https:\/\/www.capellacruise.com\/vn\/wp-json\/wp\/v2\/users\/1"}],"replies":[{"embeddable":true,"href":"https:\/\/www.capellacruise.com\/vn\/wp-json\/wp\/v2\/comments?post=4318"}],"version-history":[{"count":43,"href":"https:\/\/www.capellacruise.com\/vn\/wp-json\/wp\/v2\/pages\/4318\/revisions"}],"predecessor-version":[{"id":5337,"href":"https:\/\/www.capellacruise.com\/vn\/wp-json\/wp\/v2\/pages\/4318\/revisions\/5337"}],"wp:attachment":[{"href":"https:\/\/www.capellacruise.com\/vn\/wp-json\/wp\/v2\/media?parent=4318"}],"curies":[{"name":"wp","href":"https:\/\/api.w.org\/{rel}","templated":true}]}}